{"id":307,"date":"2011-07-21T14:40:44","date_gmt":"2011-07-21T12:40:44","guid":{"rendered":"https:\/\/www.burgmannskapelle-haseluenne.de\/wptest\/?page_id=307"},"modified":"2025-01-08T14:39:07","modified_gmt":"2025-01-08T13:39:07","slug":"badewannenrennen","status":"publish","type":"page","link":"https:\/\/www.burgmannskapelle-haseluenne.de\/?page_id=307","title":{"rendered":"Bass"},"content":{"rendered":"<p><strong>Das Bassregister<\/strong> (von links nach rechts):<\/p>\n<div dir=\"auto\">Hannes V\u00f6gele, Fabian Leigers, Henning Meiners, Ralf St\u00fcwe, Michael V\u00f6gele, Leon Immken, Malte W\u00fcbben<\/div>\n<p><a href=\"https:\/\/www.burgmannskapelle-haseluenne.de\/wp-content\/uploads\/2025\/01\/Bass-scaled.jpg\"><img decoding=\"async\" loading=\"lazy\" class=\"alignleft wp-image-1252 size-large\" src=\"https:\/\/www.burgmannskapelle-haseluenne.de\/wp-content\/uploads\/2025\/01\/Bass-1024x683.jpg\" alt=\"\" width=\"922\" height=\"615\" srcset=\"https:\/\/www.burgmannskapelle-haseluenne.de\/wp-content\/uploads\/2025\/01\/Bass-1024x683.jpg 1024w, https:\/\/www.burgmannskapelle-haseluenne.de\/wp-content\/uploads\/2025\/01\/Bass-300x200.jpg 300w, https:\/\/www.burgmannskapelle-haseluenne.de\/wp-content\/uploads\/2025\/01\/Bass-768x512.jpg 768w, https:\/\/www.burgmannskapelle-haseluenne.de\/wp-content\/uploads\/2025\/01\/Bass-1536x1024.jpg 1536w, https:\/\/www.burgmannskapelle-haseluenne.de\/wp-content\/uploads\/2025\/01\/Bass-2048x1365.jpg 2048w, https:\/\/www.burgmannskapelle-haseluenne.de\/wp-content\/uploads\/2025\/01\/Bass-922x615.jpg 922w\" sizes=\"(max-width: 922px) 100vw, 922px\" \/><\/a><\/p>\n","protected":false},"excerpt":{"rendered":"<p>Das Bassregister (von links nach rechts): Hannes V\u00f6gele, Fabian Leigers, Henning Meiners, Ralf St\u00fcwe, Michael V\u00f6gele, Leon Immken, Malte W\u00fcbben<\/p>\n","protected":false},"author":1,"featured_media":0,"parent":129,"menu_order":2,"comment_status":"closed","ping_status":"closed","template":"","meta":{"ngg_post_thumbnail":0},"_links":{"self":[{"href":"https:\/\/www.burgmannskapelle-haseluenne.de\/index.php?rest_route=\/wp\/v2\/pages\/307"}],"collection":[{"href":"https:\/\/www.burgmannskapelle-haseluenne.de\/index.php?rest_route=\/wp\/v2\/pages"}],"about":[{"href":"https:\/\/www.burgmannskapelle-haseluenne.de\/index.php?rest_route=\/wp\/v2\/types\/page"}],"author":[{"embeddable":true,"href":"https:\/\/www.burgmannskapelle-haseluenne.de\/index.php?rest_route=\/wp\/v2\/users\/1"}],"replies":[{"embeddable":true,"href":"https:\/\/www.burgmannskapelle-haseluenne.de\/index.php?rest_route=%2Fwp%2Fv2%2Fcomments&post=307"}],"version-history":[{"count":3,"href":"https:\/\/www.burgmannskapelle-haseluenne.de\/index.php?rest_route=\/wp\/v2\/pages\/307\/revisions"}],"predecessor-version":[{"id":1283,"href":"https:\/\/www.burgmannskapelle-haseluenne.de\/index.php?rest_route=\/wp\/v2\/pages\/307\/revisions\/1283"}],"up":[{"embeddable":true,"href":"https:\/\/www.burgmannskapelle-haseluenne.de\/index.php?rest_route=\/wp\/v2\/pages\/129"}],"wp:attachment":[{"href":"https:\/\/www.burgmannskapelle-haseluenne.de\/index.php?rest_route=%2Fwp%2Fv2%2Fmedia&parent=307"}],"curies":[{"name":"wp","href":"https:\/\/api.w.org\/{rel}","templated":true}]}}