{"id":13,"date":"2011-06-23T12:29:02","date_gmt":"2011-06-23T12:29:02","guid":{"rendered":"https:\/\/www.burgmannskapelle-haseluenne.de\/wptest\/?page_id=13"},"modified":"2026-02-11T19:39:14","modified_gmt":"2026-02-11T18:39:14","slug":"vorstand","status":"publish","type":"page","link":"https:\/\/www.burgmannskapelle-haseluenne.de\/?page_id=13","title":{"rendered":"Vorstand"},"content":{"rendered":"<h1>Vorstand<\/h1>\n<table class=\"aligncenter\" style=\"width: 868px; height: 1067px;\" border=\"0\" align=\"center\">\n<tbody>\n<tr style=\"height: 171px;\">\n<td style=\"height: 171px; width: 400px;\">\n<p><strong><span style=\"font-family: arial,helvetica,sans-serif; text-decoration: underline; font-size: medium;\">1. Vorsitzender:<br><\/span><\/strong><span style=\"font-family: arial,helvetica,sans-serif; font-size: medium;\">Henning Meiners<br>Feldhausen 7<br><\/span><span style=\"font-family: arial, helvetica, sans-serif; font-size: medium;\">49740 Hasel\u00fcnne<br><\/span><span style=\"font-family: arial,helvetica,sans-serif; font-size: medium;\"><a href=\"mailto:info@burgmannskapelle-haseluenne.de\">info@burgmannskapelle-haseluenne.de<\/a><\/span><\/p>\n<\/td>\n<td style=\"height: 171px; width: 181.453px;\">&nbsp;<\/td>\n<\/tr>\n<tr style=\"height: 91px;\">\n<td style=\"height: 91px; width: 294.109px;\"><strong><span style=\"font-family: arial,helvetica,sans-serif; font-size: medium; text-decoration: underline;\">2. Vorsitzende:<br><\/span><\/strong><span style=\"font-size: medium; font-family: arial, helvetica, sans-serif;\">Annika Homes<\/span><br><span style=\"font-size: medium; font-family: arial, helvetica, sans-serif;\">49740 Hasel\u00fcnne<\/span><\/td>\n<td style=\"height: 91px; width: 181.453px;\"><span style=\"font-family: arial,helvetica,sans-serif; font-size: medium;\"> <a href=\"https:\/\/www.burgmannskapelle-haseluenne.de\/wp-content\/uploads\/2023\/03\/Annika-k.jpeg\"><img decoding=\"async\" loading=\"lazy\" class=\"alignright  wp-image-1133\" src=\"https:\/\/www.burgmannskapelle-haseluenne.de\/wp-content\/uploads\/2023\/03\/Annika-k-225x300.jpeg\" alt=\"\" width=\"110\" height=\"147\" srcset=\"https:\/\/www.burgmannskapelle-haseluenne.de\/wp-content\/uploads\/2023\/03\/Annika-k-225x300.jpeg 225w, https:\/\/www.burgmannskapelle-haseluenne.de\/wp-content\/uploads\/2023\/03\/Annika-k.jpeg 392w\" sizes=\"(max-width: 110px) 100vw, 110px\" \/><\/a><a href=\"https:\/\/www.burgmannskapelle-haseluenne.de\/wp-content\/uploads\/2011\/06\/FRITZ.jpg\"><br><\/a><a href=\"https:\/\/www.burgmannskapelle-haseluenne.de\/wp-content\/uploads\/2011\/06\/fritz.jpg\"><br><\/a><\/span><\/td>\n<\/tr>\n<tr style=\"height: 171px;\">\n<td style=\"height: 171px; width: 294.109px;\">\n<p><strong><strong><span style=\"font-family: arial,helvetica,sans-serif; text-decoration: underline; font-size: medium;\">3. Vorsitzende:<br><\/span><\/strong><\/strong><span style=\"font-family: arial,helvetica,sans-serif; font-size: medium;\">Lena Uhlen<br><\/span><span style=\"font-family: arial, helvetica, sans-serif; font-size: medium;\">49740 Hasel\u00fcnne<\/span><\/p>\n<\/td>\n<td style=\"text-align: right; height: 171px; width: 181.453px;\">&nbsp;<\/td>\n<\/tr>\n<tr style=\"height: 171px;\">\n<td style=\"height: 171px; width: 294.109px;\"><strong><strong><span style=\"font-family: arial,helvetica,sans-serif; text-decoration: underline; font-size: medium;\">Schriftf\u00fchrer:<br><\/span><\/strong><\/strong><span style=\"font-family: arial,helvetica,sans-serif; font-size: medium;\">Jan Lukas Eifler<br><\/span><span style=\"font-family: arial,helvetica,sans-serif; font-size: medium;\">49740 Hasel\u00fcnne<\/span><\/td>\n<td style=\"height: 171px; width: 181.453px;\"><span style=\"font-family: arial,helvetica,sans-serif; font-size: medium;\">&nbsp;<\/span><\/td>\n<\/tr>\n<tr style=\"height: 171px;\">\n<td style=\"height: 171px; width: 294.109px;\"><strong><strong><span style=\"font-family: arial,helvetica,sans-serif; text-decoration: underline;\"><span style=\"font-size: medium;\">Schatzmeister:<br><\/span><\/span><\/strong><\/strong><span style=\"font-family: arial,helvetica,sans-serif; font-size: medium;\">Leon Immken<br>Ber\u00dfener Stra\u00dfe 4<br><\/span><span style=\"font-family: arial, helvetica, sans-serif; font-size: medium;\">49740 Hasel\u00fcnne<\/span><\/td>\n<td style=\"height: 171px; width: 181.453px;\"><span style=\"font-family: arial,helvetica,sans-serif;\"><span style=\"font-size: medium;\">&nbsp;<a href=\"https:\/\/www.burgmannskapelle-haseluenne.de\/wp-content\/uploads\/2011\/06\/THOMAS.jpg\"><br><\/a><\/span><br><\/span><\/td>\n<\/tr>\n<tr style=\"height: 171px;\">\n<td style=\"height: 171px; width: 294.109px;\"><span style=\"font-family: arial,helvetica,sans-serif; text-decoration: underline;\"><span style=\"font-family: arial,helvetica,sans-serif; text-decoration: underline;\"><span style=\"font-size: medium;\"><strong>Dirigentin:<br><\/strong><\/span><\/span><\/span><span style=\"font-family: arial, helvetica, sans-serif; font-size: medium;\">Katrin Tensing<\/span><\/td>\n<td style=\"text-align: right; height: 171px; width: 181.453px;\"><span style=\"font-family: arial,helvetica,sans-serif;\"><span style=\"font-size: medium;\"><a href=\"https:\/\/www.burgmannskapelle-haseluenne.de\/wp-content\/uploads\/2025\/01\/Sopransax-scaled.jpg\"><img decoding=\"async\" loading=\"lazy\" class=\"alignright wp-image-1255\" src=\"https:\/\/www.burgmannskapelle-haseluenne.de\/wp-content\/uploads\/2025\/01\/Sopransax-214x300.jpg\" alt=\"\" width=\"108\" height=\"151\" srcset=\"https:\/\/www.burgmannskapelle-haseluenne.de\/wp-content\/uploads\/2025\/01\/Sopransax-214x300.jpg 214w, https:\/\/www.burgmannskapelle-haseluenne.de\/wp-content\/uploads\/2025\/01\/Sopransax-731x1024.jpg 731w, https:\/\/www.burgmannskapelle-haseluenne.de\/wp-content\/uploads\/2025\/01\/Sopransax-768x1075.jpg 768w, https:\/\/www.burgmannskapelle-haseluenne.de\/wp-content\/uploads\/2025\/01\/Sopransax-1097x1536.jpg 1097w, https:\/\/www.burgmannskapelle-haseluenne.de\/wp-content\/uploads\/2025\/01\/Sopransax-1463x2048.jpg 1463w, https:\/\/www.burgmannskapelle-haseluenne.de\/wp-content\/uploads\/2025\/01\/Sopransax-922x1291.jpg 922w, https:\/\/www.burgmannskapelle-haseluenne.de\/wp-content\/uploads\/2025\/01\/Sopransax-scaled.jpg 1829w\" sizes=\"(max-width: 108px) 100vw, 108px\" \/><\/a><\/span><\/span><\/td>\n<\/tr>\n<\/tbody>\n<\/table>\n\n\n<p>      <\/p>\n\n\n\n<p><\/p>\n","protected":false},"excerpt":{"rendered":"<p>Vorstand 1. Vorsitzender:Henning MeinersFeldhausen 749740 Hasel\u00fcnneinfo@burgmannskapelle-haseluenne.de &nbsp; 2. Vorsitzende:Annika Homes49740 Hasel\u00fcnne 3. Vorsitzende:Lena Uhlen49740 Hasel\u00fcnne &nbsp; Schriftf\u00fchrer:Jan Lukas Eifler49740 Hasel\u00fcnne &nbsp; Schatzmeister:Leon ImmkenBer\u00dfener Stra\u00dfe 449740 Hasel\u00fcnne &nbsp; Dirigentin:Katrin Tensing<\/p>\n","protected":false},"author":1,"featured_media":0,"parent":0,"menu_order":0,"comment_status":"closed","ping_status":"closed","template":"","meta":{"ngg_post_thumbnail":0},"_links":{"self":[{"href":"https:\/\/www.burgmannskapelle-haseluenne.de\/index.php?rest_route=\/wp\/v2\/pages\/13"}],"collection":[{"href":"https:\/\/www.burgmannskapelle-haseluenne.de\/index.php?rest_route=\/wp\/v2\/pages"}],"about":[{"href":"https:\/\/www.burgmannskapelle-haseluenne.de\/index.php?rest_route=\/wp\/v2\/types\/page"}],"author":[{"embeddable":true,"href":"https:\/\/www.burgmannskapelle-haseluenne.de\/index.php?rest_route=\/wp\/v2\/users\/1"}],"replies":[{"embeddable":true,"href":"https:\/\/www.burgmannskapelle-haseluenne.de\/index.php?rest_route=%2Fwp%2Fv2%2Fcomments&post=13"}],"version-history":[{"count":150,"href":"https:\/\/www.burgmannskapelle-haseluenne.de\/index.php?rest_route=\/wp\/v2\/pages\/13\/revisions"}],"predecessor-version":[{"id":1399,"href":"https:\/\/www.burgmannskapelle-haseluenne.de\/index.php?rest_route=\/wp\/v2\/pages\/13\/revisions\/1399"}],"wp:attachment":[{"href":"https:\/\/www.burgmannskapelle-haseluenne.de\/index.php?rest_route=%2Fwp%2Fv2%2Fmedia&parent=13"}],"curies":[{"name":"wp","href":"https:\/\/api.w.org\/{rel}","templated":true}]}}