{"id":11,"date":"2011-06-23T12:04:24","date_gmt":"2011-06-23T12:04:24","guid":{"rendered":"https:\/\/www.burgmannskapelle-haseluenne.de\/wptest\/?page_id=11"},"modified":"2025-01-08T10:43:22","modified_gmt":"2025-01-08T09:43:22","slug":"geschichte","status":"publish","type":"page","link":"https:\/\/www.burgmannskapelle-haseluenne.de\/?page_id=11","title":{"rendered":"Geschichte"},"content":{"rendered":"<p>&nbsp;<\/p>\n<h1>Geschichte<\/h1>\n<p style=\"font-weight: 400;\">Die Burgmannskapelle wurde im September 1975 im Rahmen der monatlichen Versammlung von Komitee- und Gildevorstand der Sch\u00fctzengilde Alt- Hasel\u00fcnne e.V. gegr\u00fcndet. Seit der Gr\u00fcndung hat die Burgmannskapelle Alt- Hasel\u00fcnne e.V. sich zu einem festen Bestandteil im kulturellen und traditionellen Leben der Stadt Hasel\u00fcnne entwickelt.<\/p>\n<p style=\"font-weight: 400;\"><a href=\"https:\/\/www.burgmannskapelle-haseluenne.de\/wp-content\/uploads\/2025\/01\/Geschichte1.jpg\"><img decoding=\"async\" loading=\"lazy\" class=\"alignright  wp-image-1232\" src=\"https:\/\/www.burgmannskapelle-haseluenne.de\/wp-content\/uploads\/2025\/01\/Geschichte1-300x214.jpg\" alt=\"\" width=\"304\" height=\"217\" srcset=\"https:\/\/www.burgmannskapelle-haseluenne.de\/wp-content\/uploads\/2025\/01\/Geschichte1-300x214.jpg 300w, https:\/\/www.burgmannskapelle-haseluenne.de\/wp-content\/uploads\/2025\/01\/Geschichte1-1024x729.jpg 1024w, https:\/\/www.burgmannskapelle-haseluenne.de\/wp-content\/uploads\/2025\/01\/Geschichte1-768x547.jpg 768w, https:\/\/www.burgmannskapelle-haseluenne.de\/wp-content\/uploads\/2025\/01\/Geschichte1-1536x1093.jpg 1536w, https:\/\/www.burgmannskapelle-haseluenne.de\/wp-content\/uploads\/2025\/01\/Geschichte1-922x656.jpg 922w, https:\/\/www.burgmannskapelle-haseluenne.de\/wp-content\/uploads\/2025\/01\/Geschichte1.jpg 1600w\" sizes=\"(max-width: 304px) 100vw, 304px\" \/><\/a>Die farbenfrohe Tracht weist den Weg zu den historischen Burgmannen, die sich so, in rot- gelber Uniform, auf den Landtagen Respekt zu verschaffen wussten. Auch fast 50 Jahre sp\u00e4ter haben wir mit unseren Uniformen ein Alleinstellungsmerkmal in der Region, bringen Farbe auf Feste und in Umz\u00fcge und fallen den Zuschauern direkt ins Auge.<\/p>\n<p style=\"font-weight: 400;\">Bei besonderen Auftritten k\u00f6nnt ihr gelegentlich auch unsere zuckers\u00fc\u00dfen Blumenkinder entdecken. Gemeinsam mit unserem Fahnentr\u00e4ger Michael Brinkmann f\u00fchren sie die Kapelle an und ziehen in ihren Mini-Uniformen alle Blicke auf sich.<\/p>\n<p style=\"font-weight: 400;\"><a href=\"https:\/\/www.burgmannskapelle-haseluenne.de\/wp-content\/uploads\/2025\/01\/Geschichte2-rotated.jpg\"><img decoding=\"async\" loading=\"lazy\" class=\"size-medium wp-image-1233 alignleft\" src=\"https:\/\/www.burgmannskapelle-haseluenne.de\/wp-content\/uploads\/2025\/01\/Geschichte2-300x201.jpg\" alt=\"\" width=\"300\" height=\"201\" srcset=\"https:\/\/www.burgmannskapelle-haseluenne.de\/wp-content\/uploads\/2025\/01\/Geschichte2-300x201.jpg 300w, https:\/\/www.burgmannskapelle-haseluenne.de\/wp-content\/uploads\/2025\/01\/Geschichte2-1024x687.jpg 1024w, https:\/\/www.burgmannskapelle-haseluenne.de\/wp-content\/uploads\/2025\/01\/Geschichte2-768x516.jpg 768w, https:\/\/www.burgmannskapelle-haseluenne.de\/wp-content\/uploads\/2025\/01\/Geschichte2-1536x1031.jpg 1536w, https:\/\/www.burgmannskapelle-haseluenne.de\/wp-content\/uploads\/2025\/01\/Geschichte2-922x619.jpg 922w, https:\/\/www.burgmannskapelle-haseluenne.de\/wp-content\/uploads\/2025\/01\/Geschichte2-rotated.jpg 1600w\" sizes=\"(max-width: 300px) 100vw, 300px\" \/><\/a>Dem Gr\u00fcnder Friedrich Berentzen ging es darum, eine Kapelle zu schaffen, die ein Aush\u00e4ngeschild f\u00fcr unsere Stadt Hasel\u00fcnne sein soll und den Kindern und Jugendlichen ein Hobby gibt. Aus 21 Gr\u00fcndungsmitgliedern sind bis zum heutigen Tag noch 2 Gr\u00fcndungsmitglieder aktiv dabei. Heute z\u00e4hlt die Burgmannskapelle \u00fcber 60 aktive Musikerinnen uns Musiker.<\/p>\n<p style=\"font-weight: 400;\">In unserer Nachwuchsgruppe werden aktuell 13 Musikerinnen und Musiker ausgebildet. Die Gruppe trifft sich an jedem Montag von 17:00 bis 18:00 Uhr im historischen Bahnhof in Hasel\u00fcnne.<\/p>\n<p style=\"font-weight: 400;\">Zu unserem Repertoire geh\u00f6ren neben der Marsch- und Stimmungsmusik auch die Konzert- und Kirchenmusik. Damit begleiten wir u.a. Sch\u00fctzenfeste, den Korn- und Hansemarkt, Oktoberfeste, Karnevalssitzungen des Papenburger Carnevals Verein e.V. (PCV), den Nikolausumzug, den Weihnachtsmarkt sowie Gottesdienste.<\/p>\n<p style=\"font-weight: 400;\">Zudem unternehmen wir Probewochenenden und auch Urlaubsfahrten, wie z. B. nach Italien, Mallorca, Ibiza oder zum Segeln auf das Ijsselmeer.<\/p>\n<p style=\"font-weight: 400; text-align: center;\"><strong>Die Proben finden immer mittwochs in unserem Proberaum im restaurierten Bahnhof in Hasel\u00fcnne<br \/>\n<\/strong><strong> von 19.30 Uhr- 21.30 Uhr statt.<\/strong><\/p>\n","protected":false},"excerpt":{"rendered":"<p>&nbsp; Geschichte Die Burgmannskapelle wurde im September 1975 im Rahmen der monatlichen Versammlung von Komitee- und Gildevorstand der Sch\u00fctzengilde Alt- Hasel\u00fcnne e.V. gegr\u00fcndet. Seit der Gr\u00fcndung hat die Burgmannskapelle Alt- Hasel\u00fcnne e.V. sich zu einem festen Bestandteil im kulturellen und traditionellen Leben der Stadt Hasel\u00fcnne entwickelt. Die farbenfrohe Tracht weist den Weg zu den historischen &hellip; <\/p>\n<p><a class=\"more-link btn\" href=\"https:\/\/www.burgmannskapelle-haseluenne.de\/?page_id=11\">Weiterlesen<\/a><\/p>\n","protected":false},"author":1,"featured_media":0,"parent":0,"menu_order":0,"comment_status":"closed","ping_status":"closed","template":"","meta":{"ngg_post_thumbnail":0},"_links":{"self":[{"href":"https:\/\/www.burgmannskapelle-haseluenne.de\/index.php?rest_route=\/wp\/v2\/pages\/11"}],"collection":[{"href":"https:\/\/www.burgmannskapelle-haseluenne.de\/index.php?rest_route=\/wp\/v2\/pages"}],"about":[{"href":"https:\/\/www.burgmannskapelle-haseluenne.de\/index.php?rest_route=\/wp\/v2\/types\/page"}],"author":[{"embeddable":true,"href":"https:\/\/www.burgmannskapelle-haseluenne.de\/index.php?rest_route=\/wp\/v2\/users\/1"}],"replies":[{"embeddable":true,"href":"https:\/\/www.burgmannskapelle-haseluenne.de\/index.php?rest_route=%2Fwp%2Fv2%2Fcomments&post=11"}],"version-history":[{"count":17,"href":"https:\/\/www.burgmannskapelle-haseluenne.de\/index.php?rest_route=\/wp\/v2\/pages\/11\/revisions"}],"predecessor-version":[{"id":1240,"href":"https:\/\/www.burgmannskapelle-haseluenne.de\/index.php?rest_route=\/wp\/v2\/pages\/11\/revisions\/1240"}],"wp:attachment":[{"href":"https:\/\/www.burgmannskapelle-haseluenne.de\/index.php?rest_route=%2Fwp%2Fv2%2Fmedia&parent=11"}],"curies":[{"name":"wp","href":"https:\/\/api.w.org\/{rel}","templated":true}]}}